
{"id":388,"date":"2020-07-08T18:02:01","date_gmt":"2020-07-08T16:02:01","guid":{"rendered":"http:\/\/orfebreriacristobalmartos.com\/?page_id=388"},"modified":"2020-07-09T15:24:52","modified_gmt":"2020-07-09T13:24:52","slug":"noticias","status":"publish","type":"page","link":"http:\/\/orfebreriacristobalmartos.com\/index.php\/noticias\/","title":{"rendered":"Noticias"},"content":{"rendered":"<div id=\"pl-388\"  class=\"panel-layout\" ><div id=\"pg-388-0\"  class=\"panel-grid panel-has-style\" ><div class=\"panel-row-style panel-row-style-for-388-0\" ><div id=\"pgc-388-0-0\"  class=\"panel-grid-cell\" ><div id=\"panel-388-0-0-0\" class=\"so-panel widget widget_sow-editor panel-first-child panel-last-child\" data-index=\"0\" ><div class=\"panel-widget-style panel-widget-style-for-388-0-0-0\" ><div\n\t\t\t\n\t\t\tclass=\"so-widget-sow-editor so-widget-sow-editor-base\"\n\t\t\t\n\t\t>\n<div class=\"siteorigin-widget-tinymce textwidget\">\n\t<h1 style=\"text-align: center;\">\u00a1Hablan de nosotros!<\/h1>\n<\/div>\n<\/div><\/div><\/div><\/div><\/div><\/div><div id=\"pg-388-1\"  class=\"panel-grid panel-no-style\" ><div id=\"pgc-388-1-0\"  class=\"panel-grid-cell\" ><div id=\"panel-388-1-0-0\" class=\"so-panel widget widget_sow-editor panel-first-child panel-last-child\" data-index=\"1\" ><div class=\"panel-widget-style panel-widget-style-for-388-1-0-0\" ><div\n\t\t\t\n\t\t\tclass=\"so-widget-sow-editor so-widget-sow-editor-base\"\n\t\t\t\n\t\t>\n<div class=\"siteorigin-widget-tinymce textwidget\">\n\t<h4><strong>La Opini\u00f3n de M\u00e1laga<\/strong><br \/>\n<em>&lt;&lt;El optimismo y las ganas de trabajar de Crist\u00f3bal Martos parecen no haber disminuido desde ese d\u00eda en que, durante unas <\/em><em>vacaciones escolares, entr\u00f3 a trabajar en el taller de su t\u00edo, Antonio L\u00f3pez. \u00abLleg\u00f3 la hora de volver al colegio y le dije a mi padre que lo m\u00edo era eso, fue un flechazo\u00bb...&gt;&gt;<\/em><\/h4>\n<\/div>\n<\/div><\/div><\/div><\/div><div id=\"pgc-388-1-1\"  class=\"panel-grid-cell\" ><div id=\"panel-388-1-1-0\" class=\"so-panel widget widget_sow-image panel-first-child panel-last-child\" data-index=\"2\" ><div\n\t\t\t\n\t\t\tclass=\"so-widget-sow-image so-widget-sow-image-default-c67d20f9f743-388\"\n\t\t\t\n\t\t>\n<div class=\"sow-image-container\">\n\t\t\t<a href=\"https:\/\/www.laopiniondemalaga.es\/pi-semana-santa-2012\/2012\/04\/01\/cristobal-martos-disfrute-trabajo-hecho\/496922.html\"\n\t\t\ttarget=\"_blank\" rel=\"noopener noreferrer\" \t\t>\n\t\t\t<img \n\tsrc=\"http:\/\/orfebreriacristobalmartos.com\/wp-content\/uploads\/2020\/07\/Articulo-300x203.png\" width=\"300\" height=\"203\" srcset=\"http:\/\/orfebreriacristobalmartos.com\/wp-content\/uploads\/2020\/07\/Articulo-300x203.png 300w, http:\/\/orfebreriacristobalmartos.com\/wp-content\/uploads\/2020\/07\/Articulo-239x162.png 239w, http:\/\/orfebreriacristobalmartos.com\/wp-content\/uploads\/2020\/07\/Articulo.png 695w\" sizes=\"(max-width: 300px) 100vw, 300px\" alt=\"\" \t\tclass=\"so-widget-image\"\/>\n\t\t\t<\/a><\/div>\n\n<\/div><\/div><\/div><\/div><\/div>","protected":false},"excerpt":{"rendered":"<p>\u00a1Hablan de nosotros! La Opini\u00f3n de M\u00e1laga &lt;&lt;El optimismo y las ganas de trabajar de Crist\u00f3bal Martos parecen no haber<\/p>\n<div class=\"read-button read_more_btn_text\"><a class=\"read_more\" href=\"http:\/\/orfebreriacristobalmartos.com\/index.php\/noticias\/\">Read Now<span class=\"arrow_readm\"> &#x25BA;<\/span><\/a><\/div>\n","protected":false},"author":1,"featured_media":0,"parent":0,"menu_order":0,"comment_status":"closed","ping_status":"closed","template":"","meta":{"footnotes":""},"class_list":["post-388","page","type-page","status-publish","hentry"],"yoast_head":"<!-- This site is optimized with the Yoast SEO plugin v25.6 - https:\/\/yoast.com\/wordpress\/plugins\/seo\/ -->\n<title>Noticias - Orfebreria Cristobal Martos<\/title>\n<meta name=\"robots\" content=\"index, follow, max-snippet:-1, max-image-preview:large, max-video-preview:-1\" \/>\n<link rel=\"canonical\" href=\"https:\/\/orfebreriacristobalmartos.com\/index.php\/noticias\/\" \/>\n<meta property=\"og:locale\" content=\"es_ES\" \/>\n<meta property=\"og:type\" content=\"article\" \/>\n<meta property=\"og:title\" content=\"Noticias - Orfebreria Cristobal Martos\" \/>\n<meta property=\"og:description\" content=\"\u00a1Hablan de nosotros! La Opini\u00f3n de M\u00e1laga &lt;&lt;El optimismo y las ganas de trabajar de Crist\u00f3bal Martos parecen no haberRead Now &#x25BA;\" \/>\n<meta property=\"og:url\" content=\"https:\/\/orfebreriacristobalmartos.com\/index.php\/noticias\/\" \/>\n<meta property=\"og:site_name\" content=\"Orfebreria Cristobal Martos\" \/>\n<meta property=\"article:modified_time\" content=\"2020-07-09T13:24:52+00:00\" \/>\n<meta name=\"twitter:card\" content=\"summary_large_image\" \/>\n<script type=\"application\/ld+json\" class=\"yoast-schema-graph\">{\"@context\":\"https:\/\/schema.org\",\"@graph\":[{\"@type\":\"WebPage\",\"@id\":\"https:\/\/orfebreriacristobalmartos.com\/index.php\/noticias\/\",\"url\":\"https:\/\/orfebreriacristobalmartos.com\/index.php\/noticias\/\",\"name\":\"Noticias - Orfebreria Cristobal Martos\",\"isPartOf\":{\"@id\":\"http:\/\/orfebreriacristobalmartos.com\/#website\"},\"datePublished\":\"2020-07-08T16:02:01+00:00\",\"dateModified\":\"2020-07-09T13:24:52+00:00\",\"breadcrumb\":{\"@id\":\"https:\/\/orfebreriacristobalmartos.com\/index.php\/noticias\/#breadcrumb\"},\"inLanguage\":\"es\",\"potentialAction\":[{\"@type\":\"ReadAction\",\"target\":[\"https:\/\/orfebreriacristobalmartos.com\/index.php\/noticias\/\"]}]},{\"@type\":\"BreadcrumbList\",\"@id\":\"https:\/\/orfebreriacristobalmartos.com\/index.php\/noticias\/#breadcrumb\",\"itemListElement\":[{\"@type\":\"ListItem\",\"position\":1,\"name\":\"Portada\",\"item\":\"http:\/\/orfebreriacristobalmartos.com\/\"},{\"@type\":\"ListItem\",\"position\":2,\"name\":\"Noticias\"}]},{\"@type\":\"WebSite\",\"@id\":\"http:\/\/orfebreriacristobalmartos.com\/#website\",\"url\":\"http:\/\/orfebreriacristobalmartos.com\/\",\"name\":\"Orfebreria Cristobal Martos\",\"description\":\"Trabajos Religiosos\",\"publisher\":{\"@id\":\"http:\/\/orfebreriacristobalmartos.com\/#organization\"},\"potentialAction\":[{\"@type\":\"SearchAction\",\"target\":{\"@type\":\"EntryPoint\",\"urlTemplate\":\"http:\/\/orfebreriacristobalmartos.com\/?s={search_term_string}\"},\"query-input\":{\"@type\":\"PropertyValueSpecification\",\"valueRequired\":true,\"valueName\":\"search_term_string\"}}],\"inLanguage\":\"es\"},{\"@type\":\"Organization\",\"@id\":\"http:\/\/orfebreriacristobalmartos.com\/#organization\",\"name\":\"Orfebrer\u00eda Cristobal Martos S.L.\",\"url\":\"http:\/\/orfebreriacristobalmartos.com\/\",\"logo\":{\"@type\":\"ImageObject\",\"inLanguage\":\"es\",\"@id\":\"http:\/\/orfebreriacristobalmartos.com\/#\/schema\/logo\/image\/\",\"url\":\"https:\/\/orfebreriacristobalmartos.com\/wp-content\/uploads\/2020\/07\/logo.jpg\",\"contentUrl\":\"https:\/\/orfebreriacristobalmartos.com\/wp-content\/uploads\/2020\/07\/logo.jpg\",\"width\":670,\"height\":361,\"caption\":\"Orfebrer\u00eda Cristobal Martos S.L.\"},\"image\":{\"@id\":\"http:\/\/orfebreriacristobalmartos.com\/#\/schema\/logo\/image\/\"}}]}<\/script>\n<!-- \/ Yoast SEO plugin. -->","yoast_head_json":{"title":"Noticias - Orfebreria Cristobal Martos","robots":{"index":"index","follow":"follow","max-snippet":"max-snippet:-1","max-image-preview":"max-image-preview:large","max-video-preview":"max-video-preview:-1"},"canonical":"https:\/\/orfebreriacristobalmartos.com\/index.php\/noticias\/","og_locale":"es_ES","og_type":"article","og_title":"Noticias - Orfebreria Cristobal Martos","og_description":"\u00a1Hablan de nosotros! La Opini\u00f3n de M\u00e1laga &lt;&lt;El optimismo y las ganas de trabajar de Crist\u00f3bal Martos parecen no haberRead Now &#x25BA;","og_url":"https:\/\/orfebreriacristobalmartos.com\/index.php\/noticias\/","og_site_name":"Orfebreria Cristobal Martos","article_modified_time":"2020-07-09T13:24:52+00:00","twitter_card":"summary_large_image","schema":{"@context":"https:\/\/schema.org","@graph":[{"@type":"WebPage","@id":"https:\/\/orfebreriacristobalmartos.com\/index.php\/noticias\/","url":"https:\/\/orfebreriacristobalmartos.com\/index.php\/noticias\/","name":"Noticias - Orfebreria Cristobal Martos","isPartOf":{"@id":"http:\/\/orfebreriacristobalmartos.com\/#website"},"datePublished":"2020-07-08T16:02:01+00:00","dateModified":"2020-07-09T13:24:52+00:00","breadcrumb":{"@id":"https:\/\/orfebreriacristobalmartos.com\/index.php\/noticias\/#breadcrumb"},"inLanguage":"es","potentialAction":[{"@type":"ReadAction","target":["https:\/\/orfebreriacristobalmartos.com\/index.php\/noticias\/"]}]},{"@type":"BreadcrumbList","@id":"https:\/\/orfebreriacristobalmartos.com\/index.php\/noticias\/#breadcrumb","itemListElement":[{"@type":"ListItem","position":1,"name":"Portada","item":"http:\/\/orfebreriacristobalmartos.com\/"},{"@type":"ListItem","position":2,"name":"Noticias"}]},{"@type":"WebSite","@id":"http:\/\/orfebreriacristobalmartos.com\/#website","url":"http:\/\/orfebreriacristobalmartos.com\/","name":"Orfebreria Cristobal Martos","description":"Trabajos Religiosos","publisher":{"@id":"http:\/\/orfebreriacristobalmartos.com\/#organization"},"potentialAction":[{"@type":"SearchAction","target":{"@type":"EntryPoint","urlTemplate":"http:\/\/orfebreriacristobalmartos.com\/?s={search_term_string}"},"query-input":{"@type":"PropertyValueSpecification","valueRequired":true,"valueName":"search_term_string"}}],"inLanguage":"es"},{"@type":"Organization","@id":"http:\/\/orfebreriacristobalmartos.com\/#organization","name":"Orfebrer\u00eda Cristobal Martos S.L.","url":"http:\/\/orfebreriacristobalmartos.com\/","logo":{"@type":"ImageObject","inLanguage":"es","@id":"http:\/\/orfebreriacristobalmartos.com\/#\/schema\/logo\/image\/","url":"https:\/\/orfebreriacristobalmartos.com\/wp-content\/uploads\/2020\/07\/logo.jpg","contentUrl":"https:\/\/orfebreriacristobalmartos.com\/wp-content\/uploads\/2020\/07\/logo.jpg","width":670,"height":361,"caption":"Orfebrer\u00eda Cristobal Martos S.L."},"image":{"@id":"http:\/\/orfebreriacristobalmartos.com\/#\/schema\/logo\/image\/"}}]}},"_links":{"self":[{"href":"http:\/\/orfebreriacristobalmartos.com\/index.php\/wp-json\/wp\/v2\/pages\/388"}],"collection":[{"href":"http:\/\/orfebreriacristobalmartos.com\/index.php\/wp-json\/wp\/v2\/pages"}],"about":[{"href":"http:\/\/orfebreriacristobalmartos.com\/index.php\/wp-json\/wp\/v2\/types\/page"}],"author":[{"embeddable":true,"href":"http:\/\/orfebreriacristobalmartos.com\/index.php\/wp-json\/wp\/v2\/users\/1"}],"replies":[{"embeddable":true,"href":"http:\/\/orfebreriacristobalmartos.com\/index.php\/wp-json\/wp\/v2\/comments?post=388"}],"version-history":[{"count":29,"href":"http:\/\/orfebreriacristobalmartos.com\/index.php\/wp-json\/wp\/v2\/pages\/388\/revisions"}],"predecessor-version":[{"id":400,"href":"http:\/\/orfebreriacristobalmartos.com\/index.php\/wp-json\/wp\/v2\/pages\/388\/revisions\/400"}],"wp:attachment":[{"href":"http:\/\/orfebreriacristobalmartos.com\/index.php\/wp-json\/wp\/v2\/media?parent=388"}],"curies":[{"name":"wp","href":"https:\/\/api.w.org\/{rel}","templated":true}]}}